{"id":2399,"date":"2018-06-18T11:51:36","date_gmt":"2018-06-18T11:51:36","guid":{"rendered":"http:\/\/www.ecoinea.org\/?page_id=2399"},"modified":"2020-02-08T18:13:27","modified_gmt":"2020-02-08T16:13:27","slug":"casa-de-acogida","status":"publish","type":"page","link":"http:\/\/www.ecoinea.org\/index.php\/casa-de-acogida\/","title":{"rendered":"Casa de Acogida"},"content":{"rendered":"\t\t<div data-elementor-type=\"wp-page\" data-elementor-id=\"2399\" class=\"elementor elementor-2399 elementor-bc-flex-widget\">\n\t\t\t\t\t\t\t\t\t<section class=\"elementor-section elementor-top-section elementor-element elementor-element-854cdca elementor-section-height-min-height elementor-section-stretched elementor-section-boxed elementor-section-height-default elementor-section-items-middle\" data-id=\"854cdca\" data-element_type=\"section\" data-settings=\"{&quot;background_background&quot;:&quot;classic&quot;,&quot;stretch_section&quot;:&quot;section-stretched&quot;}\">\n\t\t\t\t\t\t\t<div class=\"elementor-background-overlay\"><\/div>\n\t\t\t\t\t\t\t<div class=\"elementor-container elementor-column-gap-default\">\n\t\t\t\t\t<div class=\"elementor-column elementor-col-100 elementor-top-column elementor-element elementor-element-3cc73091\" data-id=\"3cc73091\" data-element_type=\"column\">\n\t\t\t<div class=\"elementor-widget-wrap elementor-element-populated\">\n\t\t\t\t\t\t\t\t<div class=\"elementor-element elementor-element-6d32c0bd elementor-widget elementor-widget-heading\" data-id=\"6d32c0bd\" data-element_type=\"widget\" data-widget_type=\"heading.default\">\n\t\t\t\t<div class=\"elementor-widget-container\">\n\t\t\t<h1 class=\"elementor-heading-title elementor-size-xl\">Casa acogida (Mojados)<\/h1>\t\t<\/div>\n\t\t\t\t<\/div>\n\t\t\t\t\t<\/div>\n\t\t<\/div>\n\t\t\t\t\t\t\t<\/div>\n\t\t<\/section>\n\t\t\t\t<section class=\"elementor-section elementor-top-section elementor-element elementor-element-7c0429d3 elementor-section-stretched elementor-section-boxed elementor-section-height-default elementor-section-height-default\" data-id=\"7c0429d3\" data-element_type=\"section\" data-settings=\"{&quot;stretch_section&quot;:&quot;section-stretched&quot;}\">\n\t\t\t\t\t\t<div class=\"elementor-container elementor-column-gap-default\">\n\t\t\t\t\t<div class=\"elementor-column elementor-col-100 elementor-top-column elementor-element elementor-element-5b5f68db\" data-id=\"5b5f68db\" data-element_type=\"column\">\n\t\t\t<div class=\"elementor-widget-wrap elementor-element-populated\">\n\t\t\t\t\t\t\t\t<div class=\"elementor-element elementor-element-45eecaed elementor-widget elementor-widget-spacer\" data-id=\"45eecaed\" data-element_type=\"widget\" data-widget_type=\"spacer.default\">\n\t\t\t\t<div class=\"elementor-widget-container\">\n\t\t\t\t\t<div class=\"elementor-spacer\">\n\t\t\t<div class=\"elementor-spacer-inner\"><\/div>\n\t\t<\/div>\n\t\t\t\t<\/div>\n\t\t\t\t<\/div>\n\t\t\t\t<div class=\"elementor-element elementor-element-1e26623 elementor-widget elementor-widget-spacer\" data-id=\"1e26623\" data-element_type=\"widget\" data-widget_type=\"spacer.default\">\n\t\t\t\t<div class=\"elementor-widget-container\">\n\t\t\t\t\t<div class=\"elementor-spacer\">\n\t\t\t<div class=\"elementor-spacer-inner\"><\/div>\n\t\t<\/div>\n\t\t\t\t<\/div>\n\t\t\t\t<\/div>\n\t\t\t\t<div class=\"elementor-element elementor-element-68c615a4 elementor-widget elementor-widget-text-editor\" data-id=\"68c615a4\" data-element_type=\"widget\" data-widget_type=\"text-editor.default\">\n\t\t\t\t<div class=\"elementor-widget-container\">\n\t\t\t\t\t\t\t<p>En el a\u00f1o 2018 hemos apoyado la creaci\u00f3n de un Huerto ecol\u00f3gico para disfrute de los ni\u00f1os y ni\u00f1as que viven en lla casa de acogida que tiene la Junta de Castilla y Le\u00f3n y que llevan las Hijas de la Caridad. El sistema de huertos es en el formato de Parades en Crestall. Han colaborado en su montaje y dise\u00f1o personal de Inea como Nuria Molinero, Javier, Mandi, Andr\u00e9s y Raquel. El huerto es una aportaci\u00f3n de Fundaci\u00f3n INEA a la creaci\u00f3n de huertos sociales en lugares fuera de INEA con quienes queremos estar unidos y formar una red de colaboraci\u00f3n y difusi\u00f3n de los valores de la horticultura para la integraci\u00f3n.\u00a0<\/p>\t\t\t\t\t\t<\/div>\n\t\t\t\t<\/div>\n\t\t\t\t<div class=\"elementor-element elementor-element-2617764e elementor-widget elementor-widget-spacer\" data-id=\"2617764e\" data-element_type=\"widget\" data-widget_type=\"spacer.default\">\n\t\t\t\t<div class=\"elementor-widget-container\">\n\t\t\t\t\t<div class=\"elementor-spacer\">\n\t\t\t<div class=\"elementor-spacer-inner\"><\/div>\n\t\t<\/div>\n\t\t\t\t<\/div>\n\t\t\t\t<\/div>\n\t\t\t\t\t<\/div>\n\t\t<\/div>\n\t\t\t\t\t\t\t<\/div>\n\t\t<\/section>\n\t\t\t\t\t\t\t<\/div>\n\t\t","protected":false},"excerpt":{"rendered":"<p>Casa acogida (Mojados) En el a\u00f1o 2018 hemos apoyado la creaci\u00f3n de un Huerto ecol\u00f3gico para disfrute de los ni\u00f1os y ni\u00f1as que viven en lla casa de acogida que tiene la Junta de Castilla y Le\u00f3n y que llevan las Hijas de la Caridad. El sistema de huertos es en el formato de Parades &#8230; <a title=\"Casa de Acogida\" class=\"read-more\" href=\"http:\/\/www.ecoinea.org\/index.php\/casa-de-acogida\/\">Leer m\u00e1s<span class=\"screen-reader-text\">Casa de Acogida<\/span><\/a><\/p>\n","protected":false},"author":1,"featured_media":0,"parent":0,"menu_order":0,"comment_status":"closed","ping_status":"closed","template":"elementor_header_footer","meta":{"footnotes":""},"_links":{"self":[{"href":"http:\/\/www.ecoinea.org\/index.php\/wp-json\/wp\/v2\/pages\/2399"}],"collection":[{"href":"http:\/\/www.ecoinea.org\/index.php\/wp-json\/wp\/v2\/pages"}],"about":[{"href":"http:\/\/www.ecoinea.org\/index.php\/wp-json\/wp\/v2\/types\/page"}],"author":[{"embeddable":true,"href":"http:\/\/www.ecoinea.org\/index.php\/wp-json\/wp\/v2\/users\/1"}],"replies":[{"embeddable":true,"href":"http:\/\/www.ecoinea.org\/index.php\/wp-json\/wp\/v2\/comments?post=2399"}],"version-history":[{"count":10,"href":"http:\/\/www.ecoinea.org\/index.php\/wp-json\/wp\/v2\/pages\/2399\/revisions"}],"predecessor-version":[{"id":4532,"href":"http:\/\/www.ecoinea.org\/index.php\/wp-json\/wp\/v2\/pages\/2399\/revisions\/4532"}],"wp:attachment":[{"href":"http:\/\/www.ecoinea.org\/index.php\/wp-json\/wp\/v2\/media?parent=2399"}],"curies":[{"name":"wp","href":"https:\/\/api.w.org\/{rel}","templated":true}]}}