{"id":3,"date":"2018-06-07T10:15:50","date_gmt":"2018-06-07T10:15:50","guid":{"rendered":"http:\/\/www.ecoinea.org\/?page_id=3"},"modified":"2018-06-18T14:05:05","modified_gmt":"2018-06-18T14:05:05","slug":"privacy-policy","status":"publish","type":"page","link":"http:\/\/www.ecoinea.org\/index.php\/privacy-policy\/","title":{"rendered":"Pol\u00edtica de Privacidad"},"content":{"rendered":"\t\t<div data-elementor-type=\"wp-page\" data-elementor-id=\"3\" class=\"elementor elementor-3 elementor-bc-flex-widget\">\n\t\t\t\t\t\t\t\t\t<section class=\"elementor-section elementor-top-section elementor-element elementor-element-9f2c8f0 elementor-section-boxed elementor-section-height-default elementor-section-height-default\" data-id=\"9f2c8f0\" data-element_type=\"section\">\n\t\t\t\t\t\t<div class=\"elementor-container elementor-column-gap-default\">\n\t\t\t\t\t<div class=\"elementor-column elementor-col-100 elementor-top-column elementor-element elementor-element-03bcf6f\" data-id=\"03bcf6f\" data-element_type=\"column\">\n\t\t\t<div class=\"elementor-widget-wrap elementor-element-populated\">\n\t\t\t\t\t\t\t\t<div class=\"elementor-element elementor-element-a5ec658 elementor-widget elementor-widget-heading\" data-id=\"a5ec658\" data-element_type=\"widget\" data-widget_type=\"heading.default\">\n\t\t\t\t<div class=\"elementor-widget-container\">\n\t\t\t<h1 class=\"elementor-heading-title elementor-size-default\">Pol\u00edtica de privacidad<\/h1>\t\t<\/div>\n\t\t\t\t<\/div>\n\t\t\t\t<div class=\"elementor-element elementor-element-9e9a1dd elementor-widget elementor-widget-spacer\" data-id=\"9e9a1dd\" data-element_type=\"widget\" data-widget_type=\"spacer.default\">\n\t\t\t\t<div class=\"elementor-widget-container\">\n\t\t\t\t\t<div class=\"elementor-spacer\">\n\t\t\t<div class=\"elementor-spacer-inner\"><\/div>\n\t\t<\/div>\n\t\t\t\t<\/div>\n\t\t\t\t<\/div>\n\t\t\t\t<div class=\"elementor-element elementor-element-69e697f elementor-widget elementor-widget-text-editor\" data-id=\"69e697f\" data-element_type=\"widget\" data-widget_type=\"text-editor.default\">\n\t\t\t\t<div class=\"elementor-widget-container\">\n\t\t\t\t\t\t\t<p>En cumplimiento de lo establecido en la Ley Org\u00e1nica 15\/1999, de 13 de diciembre, de Protecci\u00f3n de Datos de Car\u00e1cter Personal, le informamos que, mediante la cumplimentaci\u00f3n del presente formulario, sus datos personales quedar\u00e1n incorporados y ser\u00e1n tratados en un fichero automatizado denominado\u00a0<span class=\"azul\">\u2026\u2026\u2026nombre del fichero\u2026\u2026<\/span>, titularidad de\u00a0<span class=\"azul\">\u2026\u2026\u2026nombre del Responsable del fichero\u2026\u2026\u2026..\u00a0<\/span>con la finalidad de poder gestionar su solicitud, as\u00ed como para mantenerle informado de futuras promociones, noticias y novedades relacionadas con el sector.<\/p><p><span class=\"azul\">\u2026\u2026\u2026nombre del Responsable del fichero\u2026\u2026\u2026..\u00a0<\/span>se compromete a tratar de forma confidencial los datos de car\u00e1cter personal facilitados y a no comunicar o ceder dicha informaci\u00f3n a terceros.<\/p><p>Usted podr\u00e1 de forma libre y voluntaria facilitar la informaci\u00f3n que se le pide en los formularios salvo en los campos que aparecen como obligatorios. La no introducci\u00f3n de la informaci\u00f3n solicitada como obligatoria podr\u00e1 tener como consecuencia que no pueda atenderse su solicitud.<\/p><p>A su vez, y en virtud de lo establecido en la Ley 34\/2002, de 11 de julio, de Servicios de la Sociedad de la Informaci\u00f3n y de Comercio electr\u00f3nico\u00a0<span class=\"azul\">\u2026\u2026\u2026nombre del Responsable del fichero\u2026\u2026<\/span>\u00a0informa que podr\u00e1 utilizar las direcciones de correo electr\u00f3nico facilitadas, para remitirte informaci\u00f3n acerca de sus productos y servicios, avisos y ofertas y, en general, informaci\u00f3n de car\u00e1cter comercial de inter\u00e9s relativa a la actividad de la empresa.<\/p><p>Asimismo, le informamos de la posibilidad que tiene de ejercer los derechos de acceso, rectificaci\u00f3n, cancelaci\u00f3n y oposici\u00f3n de sus datos de car\u00e1cter personal de forma presencial en las oficinas de\u00a0<span class=\"azul\">\u2026nombre del responsable de los ficheros\u2026.<\/span>\u00a0, acompa\u00f1ando copia de DNI, o bien mediante correo postal dirigido a:\u00a0<span class=\"azul\">\u2026\u2026\u2026\u2026\u2026(direcci\u00f3n para ejercicio de derechos ARCO)\u2026\u2026\u2026\u2026.<\/span><\/p>\t\t\t\t\t\t<\/div>\n\t\t\t\t<\/div>\n\t\t\t\t\t<\/div>\n\t\t<\/div>\n\t\t\t\t\t\t\t<\/div>\n\t\t<\/section>\n\t\t\t\t\t\t\t<\/div>\n\t\t","protected":false},"excerpt":{"rendered":"<p>Pol\u00edtica de privacidad En cumplimiento de lo establecido en la Ley Org\u00e1nica 15\/1999, de 13 de diciembre, de Protecci\u00f3n de Datos de Car\u00e1cter Personal, le informamos que, mediante la cumplimentaci\u00f3n del presente formulario, sus datos personales quedar\u00e1n incorporados y ser\u00e1n tratados en un fichero automatizado denominado\u00a0\u2026\u2026\u2026nombre del fichero\u2026\u2026, titularidad de\u00a0\u2026\u2026\u2026nombre del Responsable del fichero\u2026\u2026\u2026..\u00a0con la &#8230; <a title=\"Pol\u00edtica de Privacidad\" class=\"read-more\" href=\"http:\/\/www.ecoinea.org\/index.php\/privacy-policy\/\">Leer m\u00e1s<span class=\"screen-reader-text\">Pol\u00edtica de Privacidad<\/span><\/a><\/p>\n","protected":false},"author":1,"featured_media":0,"parent":0,"menu_order":0,"comment_status":"closed","ping_status":"open","template":"elementor_header_footer","meta":{"footnotes":""},"_links":{"self":[{"href":"http:\/\/www.ecoinea.org\/index.php\/wp-json\/wp\/v2\/pages\/3"}],"collection":[{"href":"http:\/\/www.ecoinea.org\/index.php\/wp-json\/wp\/v2\/pages"}],"about":[{"href":"http:\/\/www.ecoinea.org\/index.php\/wp-json\/wp\/v2\/types\/page"}],"author":[{"embeddable":true,"href":"http:\/\/www.ecoinea.org\/index.php\/wp-json\/wp\/v2\/users\/1"}],"replies":[{"embeddable":true,"href":"http:\/\/www.ecoinea.org\/index.php\/wp-json\/wp\/v2\/comments?post=3"}],"version-history":[{"count":6,"href":"http:\/\/www.ecoinea.org\/index.php\/wp-json\/wp\/v2\/pages\/3\/revisions"}],"predecessor-version":[{"id":2467,"href":"http:\/\/www.ecoinea.org\/index.php\/wp-json\/wp\/v2\/pages\/3\/revisions\/2467"}],"wp:attachment":[{"href":"http:\/\/www.ecoinea.org\/index.php\/wp-json\/wp\/v2\/media?parent=3"}],"curies":[{"name":"wp","href":"https:\/\/api.w.org\/{rel}","templated":true}]}}