{"id":30,"date":"2018-06-07T12:00:52","date_gmt":"2018-06-07T12:00:52","guid":{"rendered":"http:\/\/www.ecoinea.org\/?page_id=30"},"modified":"2018-06-19T08:04:43","modified_gmt":"2018-06-19T08:04:43","slug":"proyecto-inmigrantes","status":"publish","type":"page","link":"http:\/\/www.ecoinea.org\/index.php\/proyecto-inmigrantes\/","title":{"rendered":"Proyecto Inmigrantes"},"content":{"rendered":"\t\t<div data-elementor-type=\"wp-post\" data-elementor-id=\"30\" class=\"elementor elementor-30 elementor-bc-flex-widget\">\n\t\t\t\t\t\t\t\t\t<section class=\"elementor-section elementor-top-section elementor-element elementor-element-7a246383 elementor-section-height-min-height elementor-section-stretched elementor-section-boxed elementor-section-height-default elementor-section-items-middle\" data-id=\"7a246383\" data-element_type=\"section\" data-settings=\"{&quot;background_background&quot;:&quot;classic&quot;,&quot;stretch_section&quot;:&quot;section-stretched&quot;}\">\n\t\t\t\t\t\t\t<div class=\"elementor-background-overlay\"><\/div>\n\t\t\t\t\t\t\t<div class=\"elementor-container elementor-column-gap-default\">\n\t\t\t\t\t<div class=\"elementor-column elementor-col-100 elementor-top-column elementor-element elementor-element-5a62416b\" data-id=\"5a62416b\" data-element_type=\"column\">\n\t\t\t<div class=\"elementor-widget-wrap elementor-element-populated\">\n\t\t\t\t\t\t\t\t<div class=\"elementor-element elementor-element-1dd25373 elementor-widget elementor-widget-heading\" data-id=\"1dd25373\" data-element_type=\"widget\" data-widget_type=\"heading.default\">\n\t\t\t\t<div class=\"elementor-widget-container\">\n\t\t\t<h1 class=\"elementor-heading-title elementor-size-xl\">Proyecto Inmigrantes<\/h1>\t\t<\/div>\n\t\t\t\t<\/div>\n\t\t\t\t\t<\/div>\n\t\t<\/div>\n\t\t\t\t\t\t\t<\/div>\n\t\t<\/section>\n\t\t\t\t<section class=\"elementor-section elementor-top-section elementor-element elementor-element-40492fc0 elementor-section-stretched elementor-section-boxed elementor-section-height-default elementor-section-height-default\" data-id=\"40492fc0\" data-element_type=\"section\" data-settings=\"{&quot;stretch_section&quot;:&quot;section-stretched&quot;}\">\n\t\t\t\t\t\t<div class=\"elementor-container elementor-column-gap-default\">\n\t\t\t\t\t<div class=\"elementor-column elementor-col-100 elementor-top-column elementor-element elementor-element-2bcb98fc\" data-id=\"2bcb98fc\" data-element_type=\"column\">\n\t\t\t<div class=\"elementor-widget-wrap elementor-element-populated\">\n\t\t\t\t\t\t\t\t<div class=\"elementor-element elementor-element-550f969c elementor-widget elementor-widget-spacer\" data-id=\"550f969c\" data-element_type=\"widget\" data-widget_type=\"spacer.default\">\n\t\t\t\t<div class=\"elementor-widget-container\">\n\t\t\t\t\t<div class=\"elementor-spacer\">\n\t\t\t<div class=\"elementor-spacer-inner\"><\/div>\n\t\t<\/div>\n\t\t\t\t<\/div>\n\t\t\t\t<\/div>\n\t\t\t\t<div class=\"elementor-element elementor-element-684726e elementor-widget elementor-widget-heading\" data-id=\"684726e\" data-element_type=\"widget\" data-widget_type=\"heading.default\">\n\t\t\t\t<div class=\"elementor-widget-container\">\n\t\t\t<h2 class=\"elementor-heading-title elementor-size-default\">Huertos ecointegradores<\/h2>\t\t<\/div>\n\t\t\t\t<\/div>\n\t\t\t\t<div class=\"elementor-element elementor-element-f045ec8 elementor-widget-divider--view-line elementor-widget elementor-widget-divider\" data-id=\"f045ec8\" data-element_type=\"widget\" data-widget_type=\"divider.default\">\n\t\t\t\t<div class=\"elementor-widget-container\">\n\t\t\t\t\t<div class=\"elementor-divider\">\n\t\t\t<span class=\"elementor-divider-separator\">\n\t\t\t\t\t\t<\/span>\n\t\t<\/div>\n\t\t\t\t<\/div>\n\t\t\t\t<\/div>\n\t\t\t\t<div class=\"elementor-element elementor-element-f3fcfc5 elementor-widget elementor-widget-spacer\" data-id=\"f3fcfc5\" data-element_type=\"widget\" data-widget_type=\"spacer.default\">\n\t\t\t\t<div class=\"elementor-widget-container\">\n\t\t\t\t\t<div class=\"elementor-spacer\">\n\t\t\t<div class=\"elementor-spacer-inner\"><\/div>\n\t\t<\/div>\n\t\t\t\t<\/div>\n\t\t\t\t<\/div>\n\t\t\t\t<div class=\"elementor-element elementor-element-7bafedfb elementor-widget elementor-widget-text-editor\" data-id=\"7bafedfb\" data-element_type=\"widget\" data-widget_type=\"text-editor.default\">\n\t\t\t\t<div class=\"elementor-widget-container\">\n\t\t\t\t\t\t\t<p>El programa Huertos Eco-integradores es un proyecto de la Fundaci\u00f3n INEA con apoyo econ\u00f3mico de la Caixa para generar un espacio en los Huertos Urbanos y Huertos Ecol\u00f3gicos de\u00a0inclusi\u00f3n social de refugiados, desplazados, inmigrantes, ni\u00f1os y otros grupos en riesgo de exclusi\u00f3n.\u00a0Hoy han firmado el convenio las dos fundaciones para concretar c\u00f3mo se realizar\u00e1 la inversi\u00f3n de los 17.000 euros concedidos. La Fundaci\u00f3n INEA, Fundaci\u00f3n Red Incola, INTRAS y otras instituciones que persiguen la integraci\u00f3n de personas en riesgo de exclusi\u00f3n se han reunido hoy para firmar el convenio. Tambi\u00e9n estuvieron los ni\u00f1os y ni\u00f1as que participan en el campamento urbano de Red Incola. Asistieron al acto y despu\u00e9s, recorrieron los huertos de la finca de INEA. \u201cQueremos que sea un espacio distinto\u201d, explicaba F\u00e9lix Revilla a los representantes de la Caixa: el director del Centro Instituciones en Castilla y Le\u00f3n-Asturias, Gerardo Revilla y de Banca Institucional, Javier Franco y Gonzalo Cebri\u00e1n. Tambi\u00e9n estuvo la concejala de Medio Ambiente, Mar\u00eda S\u00e1nchez, que lleg\u00f3 despu\u00e9s del acto para apoyar la iniciativa de INEA.<\/p><p>All\u00ed mismo, un beneficiario de los Huertos Urbanos habl\u00f3 del huerto comunitario, convertido en espacio de encuentro donde se desarrollan actividades diversas: de cuenta-cuentos a pilates.<\/p><p>Este programa de INEA persigue ofrecer una aprendizaje en el cultivo de la tierra de manera sostenible y ecol\u00f3gica en un espacio que propicia el encuentro entre ciudadanos, de distintas generaciones y culturas procedentes de grupos vulnerables en riesgo de exclusi\u00f3n social; el desarrollo de\u00a0actividades en este espacio: cursillos, ferias, recolecci\u00f3n\u2026 apoyo, asesoramiento\u00a0y comprender a los nuevos colectivos en riesgo de exclusi\u00f3n como refugiados, desplazados, emigrantes o menores y un fortalecimiento\u00a0del banco de alimentos sanos y justos que se donan a grupos en riesgo de exclusi\u00f3n.<\/p>\t\t\t\t\t\t<\/div>\n\t\t\t\t<\/div>\n\t\t\t\t\t<\/div>\n\t\t<\/div>\n\t\t\t\t\t\t\t<\/div>\n\t\t<\/section>\n\t\t\t\t<section class=\"elementor-section elementor-top-section elementor-element elementor-element-1b338cca elementor-section-stretched elementor-section-boxed elementor-section-height-default elementor-section-height-default\" data-id=\"1b338cca\" data-element_type=\"section\" data-settings=\"{&quot;stretch_section&quot;:&quot;section-stretched&quot;,&quot;background_background&quot;:&quot;classic&quot;}\">\n\t\t\t\t\t\t<div class=\"elementor-container elementor-column-gap-no\">\n\t\t\t\t\t<div class=\"elementor-column elementor-col-100 elementor-top-column elementor-element elementor-element-285ea89e\" data-id=\"285ea89e\" data-element_type=\"column\">\n\t\t\t<div class=\"elementor-widget-wrap elementor-element-populated\">\n\t\t\t\t\t\t\t\t<div class=\"elementor-element elementor-element-6f66c25d elementor-widget elementor-widget-spacer\" data-id=\"6f66c25d\" data-element_type=\"widget\" data-widget_type=\"spacer.default\">\n\t\t\t\t<div class=\"elementor-widget-container\">\n\t\t\t\t\t<div class=\"elementor-spacer\">\n\t\t\t<div class=\"elementor-spacer-inner\"><\/div>\n\t\t<\/div>\n\t\t\t\t<\/div>\n\t\t\t\t<\/div>\n\t\t\t\t<div class=\"elementor-element elementor-element-27496b65 elementor-widget elementor-widget-image\" data-id=\"27496b65\" data-element_type=\"widget\" data-widget_type=\"image.default\">\n\t\t\t\t<div class=\"elementor-widget-container\">\n\t\t\t\t\t\t\t\t\t\t\t\t\t\t\t\t<a href=\"http:\/\/www.ecoinea.org\/wp-content\/uploads\/2018\/06\/ConvenioINEA-Caixa-3-1280x853.jpg\" data-elementor-open-lightbox=\"yes\" data-elementor-lightbox-title=\"ConvenioINEA-Caixa-3-1280x853\" data-e-action-hash=\"#elementor-action%3Aaction%3Dlightbox%26settings%3DeyJpZCI6MTUyLCJ1cmwiOiJodHRwOlwvXC93d3cuZWNvaW5lYS5vcmdcL3dwLWNvbnRlbnRcL3VwbG9hZHNcLzIwMThcLzA2XC9Db252ZW5pb0lORUEtQ2FpeGEtMy0xMjgweDg1My5qcGcifQ%3D%3D\">\n\t\t\t\t\t\t\t<img fetchpriority=\"high\" decoding=\"async\" width=\"1024\" height=\"682\" src=\"http:\/\/www.ecoinea.org\/wp-content\/uploads\/2018\/06\/ConvenioINEA-Caixa-3-1280x853-1024x682.jpg\" class=\"attachment-large size-large wp-image-152\" alt=\"\" srcset=\"http:\/\/www.ecoinea.org\/wp-content\/uploads\/2018\/06\/ConvenioINEA-Caixa-3-1280x853-1024x682.jpg 1024w, http:\/\/www.ecoinea.org\/wp-content\/uploads\/2018\/06\/ConvenioINEA-Caixa-3-1280x853-300x200.jpg 300w, http:\/\/www.ecoinea.org\/wp-content\/uploads\/2018\/06\/ConvenioINEA-Caixa-3-1280x853-768x512.jpg 768w, http:\/\/www.ecoinea.org\/wp-content\/uploads\/2018\/06\/ConvenioINEA-Caixa-3-1280x853.jpg 1280w\" sizes=\"(max-width: 1024px) 100vw, 1024px\" \/>\t\t\t\t\t\t\t\t<\/a>\n\t\t\t\t\t\t\t\t\t\t\t\t\t\t\t<\/div>\n\t\t\t\t<\/div>\n\t\t\t\t\t<\/div>\n\t\t<\/div>\n\t\t\t\t\t\t\t<\/div>\n\t\t<\/section>\n\t\t\t\t<section class=\"elementor-section elementor-top-section elementor-element elementor-element-451e0a1 elementor-section-boxed elementor-section-height-default elementor-section-height-default\" data-id=\"451e0a1\" data-element_type=\"section\">\n\t\t\t\t\t\t<div class=\"elementor-container elementor-column-gap-default\">\n\t\t\t\t\t<div class=\"elementor-column elementor-col-100 elementor-top-column elementor-element elementor-element-f8996ec\" data-id=\"f8996ec\" data-element_type=\"column\">\n\t\t\t<div class=\"elementor-widget-wrap elementor-element-populated\">\n\t\t\t\t\t\t\t\t<div class=\"elementor-element elementor-element-fc029d4 elementor-widget elementor-widget-spacer\" data-id=\"fc029d4\" data-element_type=\"widget\" data-widget_type=\"spacer.default\">\n\t\t\t\t<div class=\"elementor-widget-container\">\n\t\t\t\t\t<div class=\"elementor-spacer\">\n\t\t\t<div class=\"elementor-spacer-inner\"><\/div>\n\t\t<\/div>\n\t\t\t\t<\/div>\n\t\t\t\t<\/div>\n\t\t\t\t\t<\/div>\n\t\t<\/div>\n\t\t\t\t\t\t\t<\/div>\n\t\t<\/section>\n\t\t\t\t\t\t\t<\/div>\n\t\t","protected":false},"excerpt":{"rendered":"<p>Proyecto Inmigrantes Huertos ecointegradores El programa Huertos Eco-integradores es un proyecto de la Fundaci\u00f3n INEA con apoyo econ\u00f3mico de la Caixa para generar un espacio en los Huertos Urbanos y Huertos Ecol\u00f3gicos de\u00a0inclusi\u00f3n social de refugiados, desplazados, inmigrantes, ni\u00f1os y otros grupos en riesgo de exclusi\u00f3n.\u00a0Hoy han firmado el convenio las dos fundaciones para concretar &#8230; <a title=\"Proyecto Inmigrantes\" class=\"read-more\" href=\"http:\/\/www.ecoinea.org\/index.php\/proyecto-inmigrantes\/\">Leer m\u00e1s<span class=\"screen-reader-text\">Proyecto Inmigrantes<\/span><\/a><\/p>\n","protected":false},"author":1,"featured_media":0,"parent":0,"menu_order":0,"comment_status":"closed","ping_status":"closed","template":"elementor_header_footer","meta":{"footnotes":""},"_links":{"self":[{"href":"http:\/\/www.ecoinea.org\/index.php\/wp-json\/wp\/v2\/pages\/30"}],"collection":[{"href":"http:\/\/www.ecoinea.org\/index.php\/wp-json\/wp\/v2\/pages"}],"about":[{"href":"http:\/\/www.ecoinea.org\/index.php\/wp-json\/wp\/v2\/types\/page"}],"author":[{"embeddable":true,"href":"http:\/\/www.ecoinea.org\/index.php\/wp-json\/wp\/v2\/users\/1"}],"replies":[{"embeddable":true,"href":"http:\/\/www.ecoinea.org\/index.php\/wp-json\/wp\/v2\/comments?post=30"}],"version-history":[{"count":23,"href":"http:\/\/www.ecoinea.org\/index.php\/wp-json\/wp\/v2\/pages\/30\/revisions"}],"predecessor-version":[{"id":2559,"href":"http:\/\/www.ecoinea.org\/index.php\/wp-json\/wp\/v2\/pages\/30\/revisions\/2559"}],"wp:attachment":[{"href":"http:\/\/www.ecoinea.org\/index.php\/wp-json\/wp\/v2\/media?parent=30"}],"curies":[{"name":"wp","href":"https:\/\/api.w.org\/{rel}","templated":true}]}}