{"id":91,"date":"2018-06-07T12:21:55","date_gmt":"2018-06-07T12:21:55","guid":{"rendered":"http:\/\/www.ecoinea.org\/?page_id=91"},"modified":"2021-02-08T09:44:51","modified_gmt":"2021-02-08T07:44:51","slug":"curso-avicultura-de-puesta-ecologica","status":"publish","type":"page","link":"http:\/\/www.ecoinea.org\/index.php\/curso-avicultura-de-puesta-ecologica\/","title":{"rendered":"Curso Avicultura de Puesta Ecol\u00f3gica"},"content":{"rendered":"\t\t<div data-elementor-type=\"wp-post\" data-elementor-id=\"91\" class=\"elementor elementor-91 elementor-bc-flex-widget\">\n\t\t\t\t\t\t\t\t\t<section class=\"elementor-section elementor-top-section elementor-element elementor-element-d5f1f4f elementor-hidden-desktop elementor-hidden-tablet elementor-section-boxed elementor-section-height-default elementor-section-height-default\" data-id=\"d5f1f4f\" data-element_type=\"section\">\n\t\t\t\t\t\t<div class=\"elementor-container elementor-column-gap-default\">\n\t\t\t\t\t<div class=\"elementor-column elementor-col-100 elementor-top-column elementor-element elementor-element-a131088\" data-id=\"a131088\" data-element_type=\"column\">\n\t\t\t<div class=\"elementor-widget-wrap elementor-element-populated\">\n\t\t\t\t\t\t\t\t<div class=\"elementor-element elementor-element-2f2defc3 elementor-widget elementor-widget-heading\" data-id=\"2f2defc3\" data-element_type=\"widget\" data-widget_type=\"heading.default\">\n\t\t\t\t<div class=\"elementor-widget-container\">\n\t\t\t<h1 class=\"elementor-heading-title elementor-size-default\">Curso Avicultura de Puesta Ecol\u00f3gica<\/h1>\t\t<\/div>\n\t\t\t\t<\/div>\n\t\t\t\t<div class=\"elementor-element elementor-element-c80b134 elementor-widget elementor-widget-spacer\" data-id=\"c80b134\" data-element_type=\"widget\" data-widget_type=\"spacer.default\">\n\t\t\t\t<div class=\"elementor-widget-container\">\n\t\t\t\t\t<div class=\"elementor-spacer\">\n\t\t\t<div class=\"elementor-spacer-inner\"><\/div>\n\t\t<\/div>\n\t\t\t\t<\/div>\n\t\t\t\t<\/div>\n\t\t\t\t<div class=\"elementor-element elementor-element-870c812 elementor-widget elementor-widget-heading\" data-id=\"870c812\" data-element_type=\"widget\" data-widget_type=\"heading.default\">\n\t\t\t\t<div class=\"elementor-widget-container\">\n\t\t\t<h6 class=\"elementor-heading-title elementor-size-default\">Denominaci\u00f3n del Curso<\/h6>\t\t<\/div>\n\t\t\t\t<\/div>\n\t\t\t\t<div class=\"elementor-element elementor-element-6976e98 elementor-widget elementor-widget-text-editor\" data-id=\"6976e98\" data-element_type=\"widget\" data-widget_type=\"text-editor.default\">\n\t\t\t\t<div class=\"elementor-widget-container\">\n\t\t\t\t\t\t\t<p style=\"text-align: left;\">Avicultura ecol\u00f3gica de puesta<\/p>\t\t\t\t\t\t<\/div>\n\t\t\t\t<\/div>\n\t\t\t\t<div class=\"elementor-element elementor-element-7eeaa90 elementor-widget elementor-widget-heading\" data-id=\"7eeaa90\" data-element_type=\"widget\" data-widget_type=\"heading.default\">\n\t\t\t\t<div class=\"elementor-widget-container\">\n\t\t\t<h6 class=\"elementor-heading-title elementor-size-default\">Rama de conocimiento<\/h6>\t\t<\/div>\n\t\t\t\t<\/div>\n\t\t\t\t<div class=\"elementor-element elementor-element-9938df9 elementor-widget elementor-widget-text-editor\" data-id=\"9938df9\" data-element_type=\"widget\" data-widget_type=\"text-editor.default\">\n\t\t\t\t<div class=\"elementor-widget-container\">\n\t\t\t\t\t\t\t<p style=\"text-align: left;\">Agricultura-Ganader\u00eda<\/p>\t\t\t\t\t\t<\/div>\n\t\t\t\t<\/div>\n\t\t\t\t<div class=\"elementor-element elementor-element-e92a4c1 elementor-widget elementor-widget-heading\" data-id=\"e92a4c1\" data-element_type=\"widget\" data-widget_type=\"heading.default\">\n\t\t\t\t<div class=\"elementor-widget-container\">\n\t\t\t<h6 class=\"elementor-heading-title elementor-size-default\">Modalidad de ense\u00f1anza<\/h6>\t\t<\/div>\n\t\t\t\t<\/div>\n\t\t\t\t<div class=\"elementor-element elementor-element-9c6c742 elementor-widget elementor-widget-text-editor\" data-id=\"9c6c742\" data-element_type=\"widget\" data-widget_type=\"text-editor.default\">\n\t\t\t\t<div class=\"elementor-widget-container\">\n\t\t\t\t\t\t\t<p style=\"text-align: left;\">Formaci\u00f3n online<\/p>\t\t\t\t\t\t<\/div>\n\t\t\t\t<\/div>\n\t\t\t\t<div class=\"elementor-element elementor-element-e397008 elementor-widget elementor-widget-heading\" data-id=\"e397008\" data-element_type=\"widget\" data-widget_type=\"heading.default\">\n\t\t\t\t<div class=\"elementor-widget-container\">\n\t\t\t<h6 class=\"elementor-heading-title elementor-size-default\">Centro que lo imparte<\/h6>\t\t<\/div>\n\t\t\t\t<\/div>\n\t\t\t\t<div class=\"elementor-element elementor-element-eb81770 elementor-widget elementor-widget-text-editor\" data-id=\"eb81770\" data-element_type=\"widget\" data-widget_type=\"text-editor.default\">\n\t\t\t\t<div class=\"elementor-widget-container\">\n\t\t\t\t\t\t\t<p>INEA \u2013 Escuela Universitaria de Ingenier\u00eda T\u00e9cnica Agr\u00edcola<br \/>Centro adscrito a la Universidad de Valladolid<\/p>\t\t\t\t\t\t<\/div>\n\t\t\t\t<\/div>\n\t\t\t\t<div class=\"elementor-element elementor-element-72aa4a4 elementor-widget elementor-widget-heading\" data-id=\"72aa4a4\" data-element_type=\"widget\" data-widget_type=\"heading.default\">\n\t\t\t\t<div class=\"elementor-widget-container\">\n\t\t\t<h6 class=\"elementor-heading-title elementor-size-default\">Instituci\u00f3n que concede el T\u00edtulo<\/h6>\t\t<\/div>\n\t\t\t\t<\/div>\n\t\t\t\t<div class=\"elementor-element elementor-element-8216dd4 elementor-widget elementor-widget-text-editor\" data-id=\"8216dd4\" data-element_type=\"widget\" data-widget_type=\"text-editor.default\">\n\t\t\t\t<div class=\"elementor-widget-container\">\n\t\t\t\t\t\t\t<p>Inea<\/p>\t\t\t\t\t\t<\/div>\n\t\t\t\t<\/div>\n\t\t\t\t<div class=\"elementor-element elementor-element-228c127 elementor-widget elementor-widget-heading\" data-id=\"228c127\" data-element_type=\"widget\" data-widget_type=\"heading.default\">\n\t\t\t\t<div class=\"elementor-widget-container\">\n\t\t\t<h6 class=\"elementor-heading-title elementor-size-default\">Duraci\u00f3n del programa<\/h6>\t\t<\/div>\n\t\t\t\t<\/div>\n\t\t\t\t<div class=\"elementor-element elementor-element-8a67f6a elementor-widget elementor-widget-text-editor\" data-id=\"8a67f6a\" data-element_type=\"widget\" data-widget_type=\"text-editor.default\">\n\t\t\t\t<div class=\"elementor-widget-container\">\n\t\t\t\t\t\t\t<p><b>60 horas<\/b><\/p>\t\t\t\t\t\t<\/div>\n\t\t\t\t<\/div>\n\t\t\t\t<div class=\"elementor-element elementor-element-6f46829 elementor-widget elementor-widget-heading\" data-id=\"6f46829\" data-element_type=\"widget\" data-widget_type=\"heading.default\">\n\t\t\t\t<div class=\"elementor-widget-container\">\n\t\t\t<h6 class=\"elementor-heading-title elementor-size-default\">Fecha de comienzo<\/h6>\t\t<\/div>\n\t\t\t\t<\/div>\n\t\t\t\t<div class=\"elementor-element elementor-element-6b627cf elementor-widget elementor-widget-text-editor\" data-id=\"6b627cf\" data-element_type=\"widget\" data-widget_type=\"text-editor.default\">\n\t\t\t\t<div class=\"elementor-widget-container\">\n\t\t\t\t\t\t\t<p>Matr\u00edcula abierta todo el a\u00f1o (salvo en agosto)<\/p>\t\t\t\t\t\t<\/div>\n\t\t\t\t<\/div>\n\t\t\t\t<div class=\"elementor-element elementor-element-1ba4020 elementor-widget elementor-widget-heading\" data-id=\"1ba4020\" data-element_type=\"widget\" data-widget_type=\"heading.default\">\n\t\t\t\t<div class=\"elementor-widget-container\">\n\t\t\t<h6 class=\"elementor-heading-title elementor-size-default\">Fecha de finalizaci\u00f3n<\/h6>\t\t<\/div>\n\t\t\t\t<\/div>\n\t\t\t\t<div class=\"elementor-element elementor-element-1937767 elementor-widget elementor-widget-text-editor\" data-id=\"1937767\" data-element_type=\"widget\" data-widget_type=\"text-editor.default\">\n\t\t\t\t<div class=\"elementor-widget-container\">\n\t\t\t\t\t\t\t<p>Enero y julio<\/p>\t\t\t\t\t\t<\/div>\n\t\t\t\t<\/div>\n\t\t\t\t<div class=\"elementor-element elementor-element-74dbc9b elementor-widget elementor-widget-heading\" data-id=\"74dbc9b\" data-element_type=\"widget\" data-widget_type=\"heading.default\">\n\t\t\t\t<div class=\"elementor-widget-container\">\n\t\t\t<h6 class=\"elementor-heading-title elementor-size-default\">Coordinaci\u00f3n<\/h6>\t\t<\/div>\n\t\t\t\t<\/div>\n\t\t\t\t<div class=\"elementor-element elementor-element-f97e76e elementor-widget elementor-widget-text-editor\" data-id=\"f97e76e\" data-element_type=\"widget\" data-widget_type=\"text-editor.default\">\n\t\t\t\t<div class=\"elementor-widget-container\">\n\t\t\t\t\t\t\t<p><a href=\"mailto:ineavirtual@inea.uva.es\" target=\"_blank\" rel=\"noopener\">\u00a0ineavirtual@inea.uva.es<\/a><\/p>\t\t\t\t\t\t<\/div>\n\t\t\t\t<\/div>\n\t\t\t\t<div class=\"elementor-element elementor-element-eb40095 elementor-widget elementor-widget-heading\" data-id=\"eb40095\" data-element_type=\"widget\" data-widget_type=\"heading.default\">\n\t\t\t\t<div class=\"elementor-widget-container\">\n\t\t\t<h6 class=\"elementor-heading-title elementor-size-default\">Precio de la matr\u00edcula completa<\/h6>\t\t<\/div>\n\t\t\t\t<\/div>\n\t\t\t\t<div class=\"elementor-element elementor-element-d4d90f5 elementor-widget elementor-widget-text-editor\" data-id=\"d4d90f5\" data-element_type=\"widget\" data-widget_type=\"text-editor.default\">\n\t\t\t\t<div class=\"elementor-widget-container\">\n\t\t\t\t\t\t\t<p><b>360 euros<\/b> (consultar ofertas y promociones)<br \/>Una vez que se tenga acceso al aula y a los materiales no se admitir\u00e1n cambios ni devoluciones.<\/p>\t\t\t\t\t\t<\/div>\n\t\t\t\t<\/div>\n\t\t\t\t<div class=\"elementor-element elementor-element-b464a20 elementor-widget elementor-widget-heading\" data-id=\"b464a20\" data-element_type=\"widget\" data-widget_type=\"heading.default\">\n\t\t\t\t<div class=\"elementor-widget-container\">\n\t\t\t<h6 class=\"elementor-heading-title elementor-size-default\">Profesor del Curso<\/h6>\t\t<\/div>\n\t\t\t\t<\/div>\n\t\t\t\t<div class=\"elementor-element elementor-element-dbd5b12 elementor-widget elementor-widget-text-editor\" data-id=\"dbd5b12\" data-element_type=\"widget\" data-widget_type=\"text-editor.default\">\n\t\t\t\t<div class=\"elementor-widget-container\">\n\t\t\t\t\t\t\t<p>Pilar Guti\u00e9rrez<\/p>\t\t\t\t\t\t<\/div>\n\t\t\t\t<\/div>\n\t\t\t\t<div class=\"elementor-element elementor-element-a6b83aa elementor-widget elementor-widget-heading\" data-id=\"a6b83aa\" data-element_type=\"widget\" data-widget_type=\"heading.default\">\n\t\t\t\t<div class=\"elementor-widget-container\">\n\t\t\t<h6 class=\"elementor-heading-title elementor-size-default\">Objetivos del Curso<\/h6>\t\t<\/div>\n\t\t\t\t<\/div>\n\t\t\t\t<div class=\"elementor-element elementor-element-ade0ab3 elementor-widget elementor-widget-text-editor\" data-id=\"ade0ab3\" data-element_type=\"widget\" data-widget_type=\"text-editor.default\">\n\t\t\t\t<div class=\"elementor-widget-container\">\n\t\t\t\t\t\t\t<p>Gesti\u00f3n completa de explotaciones de avicultura de puesta<\/p>\t\t\t\t\t\t<\/div>\n\t\t\t\t<\/div>\n\t\t\t\t<div class=\"elementor-element elementor-element-d3af12e elementor-widget elementor-widget-heading\" data-id=\"d3af12e\" data-element_type=\"widget\" data-widget_type=\"heading.default\">\n\t\t\t\t<div class=\"elementor-widget-container\">\n\t\t\t<h6 class=\"elementor-heading-title elementor-size-default\">Contenido del Curso<\/h6>\t\t<\/div>\n\t\t\t\t<\/div>\n\t\t\t\t<div class=\"elementor-element elementor-element-3eb3d43 elementor-hidden-desktop elementor-hidden-tablet elementor-widget elementor-widget-text-editor\" data-id=\"3eb3d43\" data-element_type=\"widget\" data-widget_type=\"text-editor.default\">\n\t\t\t\t<div class=\"elementor-widget-container\">\n\t\t\t\t\t\t\t<p>Tema 1.- Introducci\u00f3n a la producci\u00f3n ecol\u00f3gica y legislaci\u00f3n.<br \/>Tema 2.- Razas de Gallinas.<br \/>Tema 3.- Anatom\u00eda y fisiolog\u00eda del Aparato Reproductor de las aves.<br \/><em>Tema 4.- Anatom\u00eda y fisiolog\u00eda del aparato digestivo de las aves.<br \/>Tema 5.- Incubaci\u00f3n artificial.<br \/>Tema 6.- Dise\u00f1o de la granja av\u00edcola de puesta.<\/em><\/p>\t\t\t\t\t\t<\/div>\n\t\t\t\t<\/div>\n\t\t\t\t<div class=\"elementor-element elementor-element-9c2297b elementor-widget elementor-widget-heading\" data-id=\"9c2297b\" data-element_type=\"widget\" data-widget_type=\"heading.default\">\n\t\t\t\t<div class=\"elementor-widget-container\">\n\t\t\t<h6 class=\"elementor-heading-title elementor-size-default\">Dirigido a<\/h6>\t\t<\/div>\n\t\t\t\t<\/div>\n\t\t\t\t<div class=\"elementor-element elementor-element-250e1a2 elementor-widget elementor-widget-text-editor\" data-id=\"250e1a2\" data-element_type=\"widget\" data-widget_type=\"text-editor.default\">\n\t\t\t\t<div class=\"elementor-widget-container\">\n\t\t\t\t\t\t\t<p>Estudiantes, t\u00e9cnicos, ganaderos y todos los interesados en el sector.<\/p>\t\t\t\t\t\t<\/div>\n\t\t\t\t<\/div>\n\t\t\t\t<div class=\"elementor-element elementor-element-ac21c0f elementor-widget elementor-widget-heading\" data-id=\"ac21c0f\" data-element_type=\"widget\" data-widget_type=\"heading.default\">\n\t\t\t\t<div class=\"elementor-widget-container\">\n\t\t\t<h6 class=\"elementor-heading-title elementor-size-default\">Este curso forma parte de los siguientes Programas de Postgrado de INEA Virtual<\/h6>\t\t<\/div>\n\t\t\t\t<\/div>\n\t\t\t\t<div class=\"elementor-element elementor-element-003798a elementor-widget elementor-widget-text-editor\" data-id=\"003798a\" data-element_type=\"widget\" data-widget_type=\"text-editor.default\">\n\t\t\t\t<div class=\"elementor-widget-container\">\n\t\t\t\t\t\t\t<p>Este curso es parte del M\u00e1ster en Producci\u00f3n Agraria Ecol\u00f3gica.<\/p>\t\t\t\t\t\t<\/div>\n\t\t\t\t<\/div>\n\t\t\t\t\t<\/div>\n\t\t<\/div>\n\t\t\t\t\t\t\t<\/div>\n\t\t<\/section>\n\t\t\t\t<section class=\"elementor-section elementor-top-section elementor-element elementor-element-f1409b7 elementor-hidden-phone elementor-section-boxed elementor-section-height-default elementor-section-height-default\" data-id=\"f1409b7\" data-element_type=\"section\">\n\t\t\t\t\t\t<div class=\"elementor-container elementor-column-gap-default\">\n\t\t\t\t\t<div class=\"elementor-column elementor-col-100 elementor-top-column elementor-element elementor-element-7a764bd\" data-id=\"7a764bd\" data-element_type=\"column\">\n\t\t\t<div class=\"elementor-widget-wrap elementor-element-populated\">\n\t\t\t\t\t\t\t\t<div class=\"elementor-element elementor-element-a6efdfd elementor-widget elementor-widget-heading\" data-id=\"a6efdfd\" data-element_type=\"widget\" data-widget_type=\"heading.default\">\n\t\t\t\t<div class=\"elementor-widget-container\">\n\t\t\t<h1 class=\"elementor-heading-title elementor-size-default\">Curso Avicultura de Puesta Ecol\u00f3gica<\/h1>\t\t<\/div>\n\t\t\t\t<\/div>\n\t\t\t\t<div class=\"elementor-element elementor-element-ce86545 elementor-widget elementor-widget-text-editor\" data-id=\"ce86545\" data-element_type=\"widget\" data-widget_type=\"text-editor.default\">\n\t\t\t\t<div class=\"elementor-widget-container\">\n\t\t\t\t\t\t\t<table id=\"especvino\" style=\"width: 1023px; color: #142914; font-family: Roboto, sans-serif; font-size: 17px;\"><tbody><tr><td>Denominaci\u00f3n del Curso<\/td><td>Avicultura ecol\u00f3gica de puesta<\/td><\/tr><tr><td>Rama de conocimiento<\/td><td>Agricultura-Ganader\u00eda<\/td><\/tr><tr><td>Modalidad de ense\u00f1anza<\/td><td>Formaci\u00f3n online<\/td><\/tr><tr><td>Centro que lo imparte<\/td><td>INEA \u2013 Escuela Universitaria de Ingenier\u00eda T\u00e9cnica Agr\u00edcola<br \/>Centro adscrito a la Universidad de Valladolid<\/td><\/tr><tr><td>Instituci\u00f3n que concede el T\u00edtulo<\/td><td>INEA<\/td><\/tr><tr><td>Duraci\u00f3n del programa<\/td><td><span style=\"font-weight: bold;\">60 horas<\/span><\/td><\/tr><tr><td>Fecha de comienzo<\/td><td>Matr\u00edcula abierta todo el a\u00f1o (salvo en agosto)<\/td><\/tr><tr><td>Fecha de finalizaci\u00f3n<\/td><td>Enero y julio<\/td><\/tr><tr><td>Coordinaci\u00f3n<\/td><td><a href=\"mailto:ineavirtual@inea.uva.es\" target=\"_blank\" rel=\"noopener\">ineavirtual@inea.uva.es<\/a><\/td><\/tr><tr><td>Precio de la matr\u00edcula completa<\/td><td><b>360 euros<\/b> (consultar ofertas y promociones)<br \/>Una vez que se tenga acceso al aula y a los materiales no se admitir\u00e1n cambios ni devoluciones<\/td><\/tr><tr><td>Profesor del Curso<\/td><td>Pilar Guti\u00e9rrez<\/td><\/tr><tr><td>Objetivos del Curso<\/td><td>Gesti\u00f3n completa de explotaciones de avicultura de puesta<\/td><\/tr><tr><td>Contenido del Curso<\/td><td>Tema 1.- Introducci\u00f3n a la producci\u00f3n ecol\u00f3gica y legislaci\u00f3n.<br \/>Tema 2.- razas de Gallinas.<br \/>Tema 3.- Anatom\u00eda y fisiolog\u00eda del Aparato Reproductor de las aves.<br \/><em id=\"__mceDel\">Tema 4.- Anatom\u00eda y fisiolog\u00eda del aparato digestivo de las aves.<br \/>Tema 5.- Incubaci\u00f3n artificial<br \/>Tema 6.- Dise\u00f1o de la granja av\u00edcola de puesta<\/em><\/td><\/tr><tr><td>Dirigido a<\/td><td>Estudiantes, t\u00e9cnicos, ganaderos y todos los interesados en el sector.<\/td><\/tr><tr><td>Este curso forma parte de los siguientes Programas de Postgrado de INEA Virtual<\/td><td>Este curso es parte del M\u00e1ster en Producci\u00f3n Agraria Eco<\/td><\/tr><\/tbody><\/table>\t\t\t\t\t\t<\/div>\n\t\t\t\t<\/div>\n\t\t\t\t\t<\/div>\n\t\t<\/div>\n\t\t\t\t\t\t\t<\/div>\n\t\t<\/section>\n\t\t\t\t<section class=\"elementor-section elementor-top-section elementor-element elementor-element-2786730d elementor-section-boxed elementor-section-height-default elementor-section-height-default\" data-id=\"2786730d\" data-element_type=\"section\">\n\t\t\t\t\t\t<div class=\"elementor-container elementor-column-gap-default\">\n\t\t\t\t\t<div class=\"elementor-column elementor-col-100 elementor-top-column elementor-element elementor-element-2583ea6e\" data-id=\"2583ea6e\" data-element_type=\"column\">\n\t\t\t<div class=\"elementor-widget-wrap elementor-element-populated\">\n\t\t\t\t\t\t\t\t<div class=\"elementor-element elementor-element-0840131 elementor-align-center elementor-widget elementor-widget-button\" data-id=\"0840131\" data-element_type=\"widget\" data-widget_type=\"button.default\">\n\t\t\t\t<div class=\"elementor-widget-container\">\n\t\t\t\t\t<div class=\"elementor-button-wrapper\">\n\t\t\t<a class=\"elementor-button elementor-button-link elementor-size-lg\" href=\"http:\/\/www.inea.edu.es\" target=\"_blank\">\n\t\t\t\t\t\t<span class=\"elementor-button-content-wrapper\">\n\t\t\t\t\t\t<span class=\"elementor-button-text\">MATRIC\u00daLATE<\/span>\n\t\t<\/span>\n\t\t\t\t\t<\/a>\n\t\t<\/div>\n\t\t\t\t<\/div>\n\t\t\t\t<\/div>\n\t\t\t\t<div class=\"elementor-element elementor-element-1962b5d elementor-widget elementor-widget-spacer\" data-id=\"1962b5d\" data-element_type=\"widget\" data-widget_type=\"spacer.default\">\n\t\t\t\t<div class=\"elementor-widget-container\">\n\t\t\t\t\t<div class=\"elementor-spacer\">\n\t\t\t<div class=\"elementor-spacer-inner\"><\/div>\n\t\t<\/div>\n\t\t\t\t<\/div>\n\t\t\t\t<\/div>\n\t\t\t\t\t<\/div>\n\t\t<\/div>\n\t\t\t\t\t\t\t<\/div>\n\t\t<\/section>\n\t\t\t\t\t\t\t<\/div>\n\t\t","protected":false},"excerpt":{"rendered":"<p>Curso Avicultura de Puesta Ecol\u00f3gica Denominaci\u00f3n del Curso Avicultura ecol\u00f3gica de puesta Rama de conocimiento Agricultura-Ganader\u00eda Modalidad de ense\u00f1anza Formaci\u00f3n online Centro que lo imparte INEA \u2013 Escuela Universitaria de Ingenier\u00eda T\u00e9cnica Agr\u00edcolaCentro adscrito a la Universidad de Valladolid Instituci\u00f3n que concede el T\u00edtulo Inea Duraci\u00f3n del programa 60 horas Fecha de comienzo Matr\u00edcula abierta &#8230; <a title=\"Curso Avicultura de Puesta Ecol\u00f3gica\" class=\"read-more\" href=\"http:\/\/www.ecoinea.org\/index.php\/curso-avicultura-de-puesta-ecologica\/\">Leer m\u00e1s<span class=\"screen-reader-text\">Curso Avicultura de Puesta Ecol\u00f3gica<\/span><\/a><\/p>\n","protected":false},"author":1,"featured_media":0,"parent":0,"menu_order":0,"comment_status":"closed","ping_status":"closed","template":"elementor_header_footer","meta":{"footnotes":""},"_links":{"self":[{"href":"http:\/\/www.ecoinea.org\/index.php\/wp-json\/wp\/v2\/pages\/91"}],"collection":[{"href":"http:\/\/www.ecoinea.org\/index.php\/wp-json\/wp\/v2\/pages"}],"about":[{"href":"http:\/\/www.ecoinea.org\/index.php\/wp-json\/wp\/v2\/types\/page"}],"author":[{"embeddable":true,"href":"http:\/\/www.ecoinea.org\/index.php\/wp-json\/wp\/v2\/users\/1"}],"replies":[{"embeddable":true,"href":"http:\/\/www.ecoinea.org\/index.php\/wp-json\/wp\/v2\/comments?post=91"}],"version-history":[{"count":23,"href":"http:\/\/www.ecoinea.org\/index.php\/wp-json\/wp\/v2\/pages\/91\/revisions"}],"predecessor-version":[{"id":3341,"href":"http:\/\/www.ecoinea.org\/index.php\/wp-json\/wp\/v2\/pages\/91\/revisions\/3341"}],"wp:attachment":[{"href":"http:\/\/www.ecoinea.org\/index.php\/wp-json\/wp\/v2\/media?parent=91"}],"curies":[{"name":"wp","href":"https:\/\/api.w.org\/{rel}","templated":true}]}}